{"id":14011,"date":"2021-11-10T22:00:57","date_gmt":"2021-11-10T18:00:57","guid":{"rendered":"http:\/\/innovatorstore.com\/?page_id=14011"},"modified":"2021-11-10T23:34:45","modified_gmt":"2021-11-10T19:34:45","slug":"blackmagic","status":"publish","type":"page","link":"https:\/\/innovatorstore.com\/az\/blackmagic\/","title":{"rendered":"Qara magiya"},"content":{"rendered":"<div data-elementor-type=\"wp-page\" data-elementor-id=\"14011\" class=\"elementor elementor-14011\" data-elementor-post-type=\"page\">\n\t\t\t\t\t\t<section class=\"elementor-section elementor-top-section elementor-element elementor-element-33c54b26 elementor-section-content-middle elementor-section-boxed elementor-section-height-default elementor-section-height-default\" data-id=\"33c54b26\" data-element_type=\"section\" data-e-type=\"section\" data-settings=\"{&quot;background_background&quot;:&quot;classic&quot;}\">\n\t\t\t\t\t\t<div class=\"elementor-container elementor-column-gap-no\">\n\t\t\t\t\t<div class=\"elementor-column elementor-col-100 elementor-top-column elementor-element elementor-element-49647e45\" data-id=\"49647e45\" data-element_type=\"column\" data-e-type=\"column\">\n\t\t\t<div class=\"elementor-widget-wrap elementor-element-populated\">\n\t\t\t\t\t\t<div class=\"elementor-element elementor-element-47741b6a elementor-widget elementor-widget-image\" data-id=\"47741b6a\" data-element_type=\"widget\" data-e-type=\"widget\" data-widget_type=\"image.default\">\n\t\t\t\t<div class=\"elementor-widget-container\">\n\t\t\t\t\t\t\t\t\t\t\t\t\t\t\t\t<a href=\"https:\/\/www.blackmagicdesign.com\/resellers\/\">\n\t\t\t\t\t\t\t<img fetchpriority=\"high\" decoding=\"async\" width=\"1440\" height=\"720\" src=\"https:\/\/innovatorstore.com\/wp-content\/uploads\/2021\/11\/landing-hero-xl.jpg\" class=\"attachment-full size-full wp-image-14015\" alt=\"Blackmagic\" srcset=\"https:\/\/innovatorstore.com\/wp-content\/uploads\/2021\/11\/landing-hero-xl.jpg 1440w, https:\/\/innovatorstore.com\/wp-content\/uploads\/2021\/11\/landing-hero-xl-1100x550.jpg 1100w, https:\/\/innovatorstore.com\/wp-content\/uploads\/2021\/11\/landing-hero-xl-64x32.jpg 64w, https:\/\/innovatorstore.com\/wp-content\/uploads\/2021\/11\/landing-hero-xl-300x150.jpg 300w, https:\/\/innovatorstore.com\/wp-content\/uploads\/2021\/11\/landing-hero-xl-1024x512.jpg 1024w, https:\/\/innovatorstore.com\/wp-content\/uploads\/2021\/11\/landing-hero-xl-768x384.jpg 768w, https:\/\/innovatorstore.com\/wp-content\/uploads\/2021\/11\/landing-hero-xl-18x9.jpg 18w\" sizes=\"(max-width: 1440px) 100vw, 1440px\" \/>\t\t\t\t\t\t\t\t<\/a>\n\t\t\t\t\t\t\t\t\t\t\t\t\t\t\t<\/div>\n\t\t\t\t<\/div>\n\t\t\t\t<div class=\"elementor-element elementor-element-2342b0e1 elementor-widget elementor-widget-heading\" data-id=\"2342b0e1\" data-element_type=\"widget\" data-e-type=\"widget\" data-widget_type=\"heading.default\">\n\t\t\t\t<div class=\"elementor-widget-container\">\n\t\t\t\t\t<h3 class=\"elementor-heading-title elementor-size-default\">Leading the Creative Video Revolution<\/h3>\t\t\t\t<\/div>\n\t\t\t\t<\/div>\n\t\t\t\t<div class=\"elementor-element elementor-element-a0f0209 elementor-widget elementor-widget-text-editor\" data-id=\"a0f0209\" data-element_type=\"widget\" data-e-type=\"widget\" data-widget_type=\"text-editor.default\">\n\t\t\t\t<div class=\"elementor-widget-container\">\n\t\t\t\t\t\t\t\t\t<p>Blackmagic has grown rapidly to become\u00a0<span class=\"nb-md\">one of<\/span>\u00a0the world\u2019s leading innovators and manufacturers of creative video technology. And that\u2019s because our philosophy is refreshing and simple \u2013 to help true creativity\u00a0blossom.<\/p><p class=\"last\">Blackmagic Design\u2019s founders have had a\u00a0<span class=\"nb-md\">long history<\/span>\u00a0in post-production editing and engineering. With extensive experiences in high-end telecine, film and post, harnessed with a\u00a0real passion for perfection, Blackmagic set out to change the industry\u00a0forever.<\/p>\t\t\t\t\t\t\t\t<\/div>\n\t\t\t\t<\/div>\n\t\t\t\t<section class=\"elementor-section elementor-inner-section elementor-element elementor-element-2342ccc1 elementor-section-boxed elementor-section-height-default elementor-section-height-default\" data-id=\"2342ccc1\" data-element_type=\"section\" data-e-type=\"section\">\n\t\t\t\t\t\t<div class=\"elementor-container elementor-column-gap-default\">\n\t\t\t\t\t<div class=\"elementor-column elementor-col-50 elementor-inner-column elementor-element elementor-element-13413047\" data-id=\"13413047\" data-element_type=\"column\" data-e-type=\"column\">\n\t\t\t<div class=\"elementor-widget-wrap elementor-element-populated\">\n\t\t\t\t\t\t<div class=\"elementor-element elementor-element-d53ea32 elementor-widget elementor-widget-text-editor\" data-id=\"d53ea32\" data-element_type=\"widget\" data-e-type=\"widget\" data-widget_type=\"text-editor.default\">\n\t\t\t\t<div class=\"elementor-widget-container\">\n\t\t\t\t\t\t\t\t\t<p>A company dedicated to quality and stability and focusing on where it\u2019s needed most; Blackmagic has created some of the most talked about products in the industry. World famous for their unbeatable codecs, Blackmagic envisioned truly affordable high-end quality editing workstations built upon Blackmagic software and\u00a0hardware.<\/p>\t\t\t\t\t\t\t\t<\/div>\n\t\t\t\t<\/div>\n\t\t\t\t\t<\/div>\n\t\t<\/div>\n\t\t\t\t<div class=\"elementor-column elementor-col-50 elementor-inner-column elementor-element elementor-element-4d52860a\" data-id=\"4d52860a\" data-element_type=\"column\" data-e-type=\"column\">\n\t\t\t<div class=\"elementor-widget-wrap elementor-element-populated\">\n\t\t\t\t\t\t<div class=\"elementor-element elementor-element-1f618d9c elementor-widget elementor-widget-text-editor\" data-id=\"1f618d9c\" data-element_type=\"widget\" data-e-type=\"widget\" data-widget_type=\"text-editor.default\">\n\t\t\t\t<div class=\"elementor-widget-container\">\n\t\t\t\t\t\t\t\t\t<p>In November 2002, Blackmagic launched the DeckLink capture card and in doing so single handedly made working\u00a0<span class=\"nb-lg\">in true<\/span>\u00a010\u00a0bit uncompressed video on a Macintosh OS X\u2122 system an affordable reality. The DeckLink\u00a0<span class=\"nb-md\">card has<\/span>\u00a0become a\u00a0market-leading product due to Blackmagic Design\u2019s philosophy of delivering \u201cwhat ever it takes to give creative editors and designers the very best quality\u00a0tools\u201d.<\/p>\t\t\t\t\t\t\t\t<\/div>\n\t\t\t\t<\/div>\n\t\t\t\t\t<\/div>\n\t\t<\/div>\n\t\t\t\t\t<\/div>\n\t\t<\/section>\n\t\t\t\t\t<\/div>\n\t\t<\/div>\n\t\t\t\t\t<\/div>\n\t\t<\/section>\n\t\t\t\t<section class=\"elementor-section elementor-top-section elementor-element elementor-element-477db184 elementor-section-content-middle elementor-section-boxed elementor-section-height-default elementor-section-height-default\" data-id=\"477db184\" data-element_type=\"section\" data-e-type=\"section\" data-settings=\"{&quot;background_background&quot;:&quot;classic&quot;}\">\n\t\t\t\t\t\t<div class=\"elementor-container elementor-column-gap-no\">\n\t\t\t\t\t<div class=\"elementor-column elementor-col-50 elementor-top-column elementor-element elementor-element-3ef6feb\" data-id=\"3ef6feb\" data-element_type=\"column\" data-e-type=\"column\">\n\t\t\t<div class=\"elementor-widget-wrap elementor-element-populated\">\n\t\t\t\t\t\t<div class=\"elementor-element elementor-element-7eff7f7b elementor-widget-divider--view-line elementor-widget elementor-widget-divider\" data-id=\"7eff7f7b\" data-element_type=\"widget\" data-e-type=\"widget\" data-widget_type=\"divider.default\">\n\t\t\t\t<div class=\"elementor-widget-container\">\n\t\t\t\t\t\t\t<div class=\"elementor-divider\">\n\t\t\t<span class=\"elementor-divider-separator\">\n\t\t\t\t\t\t<\/span>\n\t\t<\/div>\n\t\t\t\t\t\t<\/div>\n\t\t\t\t<\/div>\n\t\t\t\t\t<\/div>\n\t\t<\/div>\n\t\t\t\t<div class=\"elementor-column elementor-col-50 elementor-top-column elementor-element elementor-element-5982d31\" data-id=\"5982d31\" data-element_type=\"column\" data-e-type=\"column\">\n\t\t\t<div class=\"elementor-widget-wrap elementor-element-populated\">\n\t\t\t\t\t\t<div class=\"elementor-element elementor-element-4ff8e622 elementor-widget elementor-widget-heading\" data-id=\"4ff8e622\" data-element_type=\"widget\" data-e-type=\"widget\" data-widget_type=\"heading.default\">\n\t\t\t\t<div class=\"elementor-widget-container\">\n\t\t\t\t\t<h5 class=\"elementor-heading-title elementor-size-default\">INNOVATOR S\u0259lahiyy\u0259tli Sat\u0131c\u0131d\u0131r<\/h5>\t\t\t\t<\/div>\n\t\t\t\t<\/div>\n\t\t\t\t<div class=\"elementor-element elementor-element-4c8541c9 elementor-widget elementor-widget-heading\" data-id=\"4c8541c9\" data-element_type=\"widget\" data-e-type=\"widget\" data-widget_type=\"heading.default\">\n\t\t\t\t<div class=\"elementor-widget-container\">\n\t\t\t\t\t<h4 class=\"elementor-heading-title elementor-size-default\">Blackmagic Design<\/h4>\t\t\t\t<\/div>\n\t\t\t\t<\/div>\n\t\t\t\t<div class=\"elementor-element elementor-element-7318c71d elementor-widget elementor-widget-text-editor\" data-id=\"7318c71d\" data-element_type=\"widget\" data-e-type=\"widget\" data-widget_type=\"text-editor.default\">\n\t\t\t\t<div class=\"elementor-widget-container\">\n\t\t\t\t\t\t\t\t\t<p>Blackmagic Design is dedicated to allowing the highest quality video to be affordable to everyone, so the post production and television industry can become a\u00a0truly creative\u00a0industry.<\/p><p class=\"name\">Grant Petty \u2013 CEO, Blackmagic\u00a0Design<\/p>\t\t\t\t\t\t\t\t<\/div>\n\t\t\t\t<\/div>\n\t\t\t\t\t<\/div>\n\t\t<\/div>\n\t\t\t\t\t<\/div>\n\t\t<\/section>\n\t\t\t\t<\/div>","protected":false},"excerpt":{"rendered":"<p>Leading the Creative Video Revolution Blackmagic has grown rapidly to become\u00a0one of\u00a0the world&#8217;s leading innovators and manufacturers of creative video technology. And that&#8217;s because our philosophy is refreshing and simple &#8211; to help true creativity\u00a0blossom. Blackmagic Design&#8217;s founders have had a\u00a0long history\u00a0in post-production editing and engineering. With extensive experiences in high-end telecine, film and post, [&hellip;]<\/p>\n","protected":false},"author":1,"featured_media":0,"parent":0,"menu_order":0,"comment_status":"closed","ping_status":"closed","template":"","meta":{"footnotes":""},"class_list":["post-14011","page","type-page","status-publish","hentry"],"_links":{"self":[{"href":"https:\/\/innovatorstore.com\/az\/wp-json\/wp\/v2\/pages\/14011","targetHints":{"allow":["GET"]}}],"collection":[{"href":"https:\/\/innovatorstore.com\/az\/wp-json\/wp\/v2\/pages"}],"about":[{"href":"https:\/\/innovatorstore.com\/az\/wp-json\/wp\/v2\/types\/page"}],"author":[{"embeddable":true,"href":"https:\/\/innovatorstore.com\/az\/wp-json\/wp\/v2\/users\/1"}],"replies":[{"embeddable":true,"href":"https:\/\/innovatorstore.com\/az\/wp-json\/wp\/v2\/comments?post=14011"}],"version-history":[{"count":13,"href":"https:\/\/innovatorstore.com\/az\/wp-json\/wp\/v2\/pages\/14011\/revisions"}],"predecessor-version":[{"id":14170,"href":"https:\/\/innovatorstore.com\/az\/wp-json\/wp\/v2\/pages\/14011\/revisions\/14170"}],"wp:attachment":[{"href":"https:\/\/innovatorstore.com\/az\/wp-json\/wp\/v2\/media?parent=14011"}],"curies":[{"name":"wp","href":"https:\/\/api.w.org\/{rel}","templated":true}]}}